{"id":21,"date":"2026-03-04T11:15:47","date_gmt":"2026-03-04T11:15:47","guid":{"rendered":"https:\/\/joyeriarelojeriabienzobas.rkinformatika.online\/?page_id=21"},"modified":"2026-04-17T08:56:50","modified_gmt":"2026-04-17T08:56:50","slug":"contacto","status":"publish","type":"page","link":"https:\/\/joyeriarelojeriabienzobas.es\/en\/contacto\/","title":{"rendered":"Contact"},"content":{"rendered":"\t\t<div data-elementor-type=\"wp-page\" data-elementor-id=\"21\" class=\"elementor elementor-21\" data-elementor-post-type=\"page\">\n\t\t\t\t<div class=\"elementor-element elementor-element-6591395 e-con-full e-flex e-con e-parent\" data-id=\"6591395\" data-element_type=\"container\" data-e-type=\"container\" data-settings=\"{&quot;background_background&quot;:&quot;classic&quot;}\">\n\t\t\t\t<div class=\"elementor-element elementor-element-57470d3 elementor-widget elementor-widget-heading\" data-id=\"57470d3\" data-element_type=\"widget\" data-e-type=\"widget\" data-widget_type=\"heading.default\">\n\t\t\t\t\t<h2 class=\"elementor-heading-title elementor-size-default\">Atenci\u00f3n personalizada Bienzobas<\/h2>\t\t\t\t<\/div>\n\t\t\t\t<\/div>\n\t\t<div class=\"elementor-element elementor-element-31b856f e-flex e-con-boxed e-con e-parent\" data-id=\"31b856f\" data-element_type=\"container\" data-e-type=\"container\">\n\t\t\t\t\t<div class=\"e-con-inner\">\n\t\t<div class=\"elementor-element elementor-element-0ad46ab e-con-full e-flex e-con e-child\" data-id=\"0ad46ab\" data-element_type=\"container\" data-e-type=\"container\">\n\t\t\t\t<div class=\"elementor-element elementor-element-510e2cd elementor-widget elementor-widget-heading\" data-id=\"510e2cd\" data-element_type=\"widget\" data-e-type=\"widget\" data-widget_type=\"heading.default\">\n\t\t\t\t\t<h2 class=\"elementor-heading-title elementor-size-default\">Cont\u00e1ctanos<\/h2>\t\t\t\t<\/div>\n\t\t\t\t<div class=\"elementor-element elementor-element-4506283 elementor-widget elementor-widget-text-editor\" data-id=\"4506283\" data-element_type=\"widget\" data-e-type=\"widget\" data-widget_type=\"text-editor.default\">\n\t\t\t\t\t\t\t\t\t<p>Completa el formulario y te contactaremos muy pronto.<\/p>\t\t\t\t\t\t\t\t<\/div>\n\t\t\t\t<div class=\"elementor-element elementor-element-2c89fa7 elementor-button-align-start elementor-widget__width-initial elementor-widget elementor-widget-form\" data-id=\"2c89fa7\" data-element_type=\"widget\" data-e-type=\"widget\" data-settings=\"{&quot;button_width&quot;:&quot;50&quot;,&quot;step_next_label&quot;:&quot;Next&quot;,&quot;step_previous_label&quot;:&quot;Previous&quot;,&quot;step_type&quot;:&quot;number_text&quot;,&quot;step_icon_shape&quot;:&quot;circle&quot;}\" data-widget_type=\"form.default\">\n\t\t\t\t\t\t\t<form class=\"elementor-form\" method=\"post\" name=\"Contacto ContactoPage\" aria-label=\"Contacto ContactoPage\">\n\t\t\t<input type=\"hidden\" name=\"post_id\" value=\"21\"\/>\n\t\t\t<input type=\"hidden\" name=\"form_id\" value=\"2c89fa7\"\/>\n\t\t\t<input type=\"hidden\" name=\"referer_title\" value=\"Contacto - Joyer\u00eda Relojer\u00eda Bienzobas\" \/>\n\n\t\t\t\t\t\t\t<input type=\"hidden\" name=\"queried_id\" value=\"21\"\/>\n\t\t\t\n\t\t\t<div class=\"elementor-form-fields-wrapper elementor-labels-\">\n\t\t\t\t\t\t\t\t<div class=\"elementor-field-type-text elementor-field-group elementor-column elementor-field-group-name elementor-col-100 elementor-field-required\">\n\t\t\t\t\t\t\t\t\t\t\t\t<label for=\"form-field-name\" class=\"elementor-field-label elementor-screen-only\">\n\t\t\t\t\t\t\t\tName\t\t\t\t\t\t\t<\/label>\n\t\t\t\t\t\t\t\t\t\t\t\t\t\t<input size=\"1\" type=\"text\" name=\"form_fields[name]\" id=\"form-field-name\" class=\"elementor-field elementor-size-sm  elementor-field-textual\" placeholder=\"Nombre\" required=\"required\">\n\t\t\t\t\t\t\t\t\t\t\t<\/div>\n\t\t\t\t\t\t\t\t<div class=\"elementor-field-type-email elementor-field-group elementor-column elementor-field-group-email elementor-col-33 elementor-field-required\">\n\t\t\t\t\t\t\t\t\t\t\t\t<label for=\"form-field-email\" class=\"elementor-field-label elementor-screen-only\">\n\t\t\t\t\t\t\t\tEmail\t\t\t\t\t\t\t<\/label>\n\t\t\t\t\t\t\t\t\t\t\t\t\t\t<input size=\"1\" type=\"email\" name=\"form_fields[email]\" id=\"form-field-email\" class=\"elementor-field elementor-size-sm  elementor-field-textual\" placeholder=\"Email\" required=\"required\">\n\t\t\t\t\t\t\t\t\t\t\t<\/div>\n\t\t\t\t\t\t\t\t<div class=\"elementor-field-type-tel elementor-field-group elementor-column elementor-field-group-movil elementor-col-33 elementor-field-required\">\n\t\t\t\t\t\t\t\t\t\t\t\t<label for=\"form-field-movil\" class=\"elementor-field-label elementor-screen-only\">\n\t\t\t\t\t\t\t\tM\u00f3vil\t\t\t\t\t\t\t<\/label>\n\t\t\t\t\t\t\t\t<input size=\"1\" type=\"tel\" name=\"form_fields[movil]\" id=\"form-field-movil\" class=\"elementor-field elementor-size-sm  elementor-field-textual\" placeholder=\"M\u00f3vil\" required=\"required\" pattern=\"[0-9()#&amp;+*-=.]+\" title=\"Solo se aceptan n\u00fameros y caracteres de tel\u00e9fono (#,-,*,etc).\">\n\n\t\t\t\t\t\t<\/div>\n\t\t\t\t\t\t\t\t<div class=\"elementor-field-type-text elementor-field-group elementor-column elementor-field-group-field_176c31e elementor-col-33 elementor-field-required\">\n\t\t\t\t\t\t\t\t\t\t\t\t<label for=\"form-field-field_176c31e\" class=\"elementor-field-label elementor-screen-only\">\n\t\t\t\t\t\t\t\tTema\t\t\t\t\t\t\t<\/label>\n\t\t\t\t\t\t\t\t\t\t\t\t\t\t<input size=\"1\" type=\"text\" name=\"form_fields[field_176c31e]\" id=\"form-field-field_176c31e\" class=\"elementor-field elementor-size-sm  elementor-field-textual\" placeholder=\"Tema\" required=\"required\">\n\t\t\t\t\t\t\t\t\t\t\t<\/div>\n\t\t\t\t\t\t\t\t<div class=\"elementor-field-type-textarea elementor-field-group elementor-column elementor-field-group-field_5d08d9b elementor-col-100 elementor-field-required\">\n\t\t\t\t\t\t\t\t\t\t\t\t<label for=\"form-field-field_5d08d9b\" class=\"elementor-field-label elementor-screen-only\">\n\t\t\t\t\t\t\t\tMensaje\t\t\t\t\t\t\t<\/label>\n\t\t\t\t\t\t<textarea class=\"elementor-field-textual elementor-field  elementor-size-sm\" name=\"form_fields[field_5d08d9b]\" id=\"form-field-field_5d08d9b\" rows=\"4\" placeholder=\"Mensaje\" required=\"required\"><\/textarea>\t\t\t\t<\/div>\n\t\t\t\t\t\t\t\t<div class=\"elementor-field-type-checkbox elementor-field-group elementor-column elementor-field-group-field_5de6374 elementor-col-100\">\n\t\t\t\t\t\t\t\t\t\t\t\t<label for=\"form-field-field_5de6374\" class=\"elementor-field-label elementor-screen-only\">\n\t\t\t\t\t\t\t\tHe Le\u00eddo \t\t\t\t\t\t\t<\/label>\n\t\t\t\t\t\t<div class=\"elementor-field-subgroup  \"><span class=\"elementor-field-option\"><input type=\"checkbox\" value=\"He le\u00eddo y acepto la Politica de Privacidad\" id=\"form-field-field_5de6374-0\" name=\"form_fields[field_5de6374]\"> <label for=\"form-field-field_5de6374-0\">He le\u00eddo y acepto la Politica de Privacidad<\/label><\/span><\/div>\t\t\t\t<\/div>\n\t\t\t\t\t\t\t\t<div class=\"elementor-field-type-html elementor-field-group elementor-column elementor-field-group-field_3c2297f elementor-col-100\">\n\t\t\t\t\t<a href=\"\/politicas-de-cookies\"\n   onclick=\"window.open(this.href,'privacidad','width=800,height=600'); return false;\"\n   style=\"text-decoration: none;\">\nVer Pol\u00edtica de Privacidad\n<\/a>\t\t\t\t<\/div>\n\t\t\t\t\t\t\t\t<div class=\"elementor-field-type-recaptcha_v3 elementor-field-group elementor-column elementor-field-group-field_9e00c78 elementor-col-100 recaptcha_v3-bottomright\">\n\t\t\t\t\t<div class=\"elementor-field\" id=\"form-field-field_9e00c78\"><div class=\"elementor-g-recaptcha\" data-sitekey=\"6Leg5sIsAAAAANeawRQ7fV_kpAoUU6bmSlUMjDTX\" data-type=\"v3\" data-action=\"Form\" data-badge=\"bottomright\" data-size=\"invisible\"><\/div><\/div>\t\t\t\t<\/div>\n\t\t\t\t\t\t\t\t<div class=\"elementor-field-group elementor-column elementor-field-type-submit elementor-col-50 e-form__buttons\">\n\t\t\t\t\t<button class=\"elementor-button elementor-size-sm\" type=\"submit\">\n\t\t\t\t\t\t<span class=\"elementor-button-content-wrapper\">\n\t\t\t\t\t\t\t\t\t\t\t\t\t\t\t<span class=\"elementor-button-icon\">\n\t\t\t\t\t\t\t\t\t<svg aria-hidden=\"true\" class=\"e-font-icon-svg e-fas-paper-plane\" viewBox=\"0 0 512 512\" xmlns=\"http:\/\/www.w3.org\/2000\/svg\"><path d=\"M476 3.2L12.5 270.6c-18.1 10.4-15.8 35.6 2.2 43.2L121 358.4l287.3-253.2c5.5-4.9 13.3 2.6 8.6 8.3L176 407v80.5c0 23.6 28.5 32.9 42.5 15.8L282 426l124.6 52.2c14.2 6 30.4-2.9 33-18.2l72-432C515 7.8 493.3-6.8 476 3.2z\"><\/path><\/svg>\t\t\t\t\t\t\t\t\t\t\t\t\t\t\t\t\t<\/span>\n\t\t\t\t\t\t\t\t\t\t\t\t\t\t\t\t\t\t\t\t\t\t<span class=\"elementor-button-text\">Enviar<\/span>\n\t\t\t\t\t\t\t\t\t\t\t\t\t<\/span>\n\t\t\t\t\t<\/button>\n\t\t\t\t<\/div>\n\t\t\t<\/div>\n\t\t<\/form>\n\t\t\t\t\t\t<\/div>\n\t\t\t\t<\/div>\n\t\t<div class=\"elementor-element elementor-element-13844ef e-con-full animated-slow e-flex elementor-invisible e-con e-child\" data-id=\"13844ef\" data-element_type=\"container\" data-e-type=\"container\" data-settings=\"{&quot;background_background&quot;:&quot;classic&quot;,&quot;animation&quot;:&quot;fadeInLeft&quot;}\">\n\t\t\t\t<div class=\"elementor-element elementor-element-cb7bbfe elementor-widget__width-inherit elementor-widget elementor-widget-heading\" data-id=\"cb7bbfe\" data-element_type=\"widget\" data-e-type=\"widget\" data-widget_type=\"heading.default\">\n\t\t\t\t\t<h2 class=\"elementor-heading-title elementor-size-default\">Informaci\u00f3n General<\/h2>\t\t\t\t<\/div>\n\t\t\t\t<div class=\"elementor-element elementor-element-fe3b824 elementor-widget__width-inherit elementor-widget elementor-widget-heading\" data-id=\"fe3b824\" data-element_type=\"widget\" data-e-type=\"widget\" data-widget_type=\"heading.default\">\n\t\t\t\t\t<h2 class=\"elementor-heading-title elementor-size-default\">Tel\u00e9fono<\/h2>\t\t\t\t<\/div>\n\t\t\t\t<div class=\"elementor-element elementor-element-2a1ed23 elementor-widget elementor-widget-heading\" data-id=\"2a1ed23\" data-element_type=\"widget\" data-e-type=\"widget\" data-widget_type=\"heading.default\">\n\t\t\t\t\t<h2 class=\"elementor-heading-title elementor-size-default\">+34 913 812 054<\/h2>\t\t\t\t<\/div>\n\t\t\t\t<div class=\"elementor-element elementor-element-aba010f elementor-widget-divider--view-line elementor-widget elementor-widget-divider\" data-id=\"aba010f\" data-element_type=\"widget\" data-e-type=\"widget\" data-widget_type=\"divider.default\">\n\t\t\t\t\t\t\t<div class=\"elementor-divider\">\n\t\t\t<span class=\"elementor-divider-separator\">\n\t\t\t\t\t\t<\/span>\n\t\t<\/div>\n\t\t\t\t\t\t<\/div>\n\t\t\t\t<div class=\"elementor-element elementor-element-dfa592b elementor-widget__width-inherit elementor-widget elementor-widget-heading\" data-id=\"dfa592b\" data-element_type=\"widget\" data-e-type=\"widget\" data-widget_type=\"heading.default\">\n\t\t\t\t\t<h2 class=\"elementor-heading-title elementor-size-default\">Email<\/h2>\t\t\t\t<\/div>\n\t\t\t\t<div class=\"elementor-element elementor-element-09714a6 elementor-widget elementor-widget-heading\" data-id=\"09714a6\" data-element_type=\"widget\" data-e-type=\"widget\" data-widget_type=\"heading.default\">\n\t\t\t\t\t<h2 class=\"elementor-heading-title elementor-size-default\">joyeriabienzobas@gmail.com<\/h2>\t\t\t\t<\/div>\n\t\t\t\t<div class=\"elementor-element elementor-element-ee50ff3 elementor-widget-divider--view-line elementor-widget elementor-widget-divider\" data-id=\"ee50ff3\" data-element_type=\"widget\" data-e-type=\"widget\" data-widget_type=\"divider.default\">\n\t\t\t\t\t\t\t<div class=\"elementor-divider\">\n\t\t\t<span class=\"elementor-divider-separator\">\n\t\t\t\t\t\t<\/span>\n\t\t<\/div>\n\t\t\t\t\t\t<\/div>\n\t\t\t\t<div class=\"elementor-element elementor-element-64599a4 elementor-widget__width-inherit elementor-widget elementor-widget-heading\" data-id=\"64599a4\" data-element_type=\"widget\" data-e-type=\"widget\" data-widget_type=\"heading.default\">\n\t\t\t\t\t<h2 class=\"elementor-heading-title elementor-size-default\">Direcci\u00f3n<\/h2>\t\t\t\t<\/div>\n\t\t\t\t<div class=\"elementor-element elementor-element-5edd99a elementor-widget elementor-widget-heading\" data-id=\"5edd99a\" data-element_type=\"widget\" data-e-type=\"widget\" data-widget_type=\"heading.default\">\n\t\t\t\t\t<h2 class=\"elementor-heading-title elementor-size-default\">Av. de Bucaramanga, 2, 28033 Madrid  <br>\n(Centro Comercial Colombia)<\/h2>\t\t\t\t<\/div>\n\t\t\t\t<div class=\"elementor-element elementor-element-f388919 elementor-widget-divider--view-line elementor-widget elementor-widget-divider\" data-id=\"f388919\" data-element_type=\"widget\" data-e-type=\"widget\" data-widget_type=\"divider.default\">\n\t\t\t\t\t\t\t<div class=\"elementor-divider\">\n\t\t\t<span class=\"elementor-divider-separator\">\n\t\t\t\t\t\t<\/span>\n\t\t<\/div>\n\t\t\t\t\t\t<\/div>\n\t\t\t\t<div class=\"elementor-element elementor-element-2a2e910 elementor-widget__width-inherit elementor-widget elementor-widget-heading\" data-id=\"2a2e910\" data-element_type=\"widget\" data-e-type=\"widget\" data-widget_type=\"heading.default\">\n\t\t\t\t\t<h2 class=\"elementor-heading-title elementor-size-default\">Horario<\/h2>\t\t\t\t<\/div>\n\t\t\t\t<div class=\"elementor-element elementor-element-06e9afb elementor-widget elementor-widget-heading\" data-id=\"06e9afb\" data-element_type=\"widget\" data-e-type=\"widget\" data-widget_type=\"heading.default\">\n\t\t\t\t\t<h2 class=\"elementor-heading-title elementor-size-default\">Lunes a viernes: 10:30-14:00 y 18:00-20:00. <br>\nS\u00e1bado: 11:00-14:00.<\/h2>\t\t\t\t<\/div>\n\t\t\t\t<\/div>\n\t\t\t\t\t<\/div>\n\t\t\t\t<\/div>\n\t\t<div class=\"elementor-element elementor-element-daada5e e-flex e-con-boxed e-con e-parent\" data-id=\"daada5e\" data-element_type=\"container\" data-e-type=\"container\">\n\t\t\t\t\t<div class=\"e-con-inner\">\n\t\t\t\t<div class=\"elementor-element elementor-element-1935cf8 elementor-widget elementor-widget-google_maps\" data-id=\"1935cf8\" data-element_type=\"widget\" data-e-type=\"widget\" data-widget_type=\"google_maps.default\">\n\t\t\t\t\t\t\t<div class=\"elementor-custom-embed\">\n\t\t\t<iframe loading=\"lazy\"\n\t\t\t\t\tsrc=\"https:\/\/maps.google.com\/maps?q=%20Joyer%C3%ADa%20Relojer%C3%ADa%20Bienzobas%20Av.%20de%20Bucaramanga%2C%202%2C%2028033%20Madrid%20%28Centro%20Comercial%20Colombia%29&#038;t=m&#038;z=12&#038;output=embed&#038;iwloc=near\"\n\t\t\t\t\ttitle=\" Joyer\u00eda Relojer\u00eda Bienzobas Av. de Bucaramanga, 2, 28033 Madrid (Centro Comercial Colombia)\"\n\t\t\t\t\taria-label=\" Joyer\u00eda Relojer\u00eda Bienzobas Av. de Bucaramanga, 2, 28033 Madrid (Centro Comercial Colombia)\"\n\t\t\t><\/iframe>\n\t\t<\/div>\n\t\t\t\t\t\t<\/div>\n\t\t\t\t\t<\/div>\n\t\t\t\t<\/div>\n\t\t\t\t<\/div>\n\t\t","protected":false},"excerpt":{"rendered":"<p>Atenci\u00f3n personalizada Bienzobas Cont\u00e1ctanos Completa el formulario y te contactaremos muy pronto. Informaci\u00f3n General Tel\u00e9fono +34 913 812 054 Email joyeriabienzobas@gmail.com Direcci\u00f3n Av. de Bucaramanga, 2, 28033 Madrid (Centro Comercial Colombia) Horario Lunes a viernes: 10:30-14:00 y 18:00-20:00. S\u00e1bado: 11:00-14:00.<\/p>","protected":false},"author":1,"featured_media":0,"parent":0,"menu_order":0,"comment_status":"closed","ping_status":"closed","template":"elementor_canvas","meta":{"footnotes":""},"class_list":["post-21","page","type-page","status-publish","hentry"],"yoast_head":"<!-- This site is optimized with the Yoast SEO plugin v27.4 - https:\/\/yoast.com\/product\/yoast-seo-wordpress\/ -->\n<title>Contacto - Joyer\u00eda Relojer\u00eda Bienzobas<\/title>\n<meta name=\"robots\" content=\"index, follow, max-snippet:-1, max-image-preview:large, max-video-preview:-1\" \/>\n<link rel=\"canonical\" href=\"https:\/\/joyeriarelojeriabienzobas.es\/en\/contacto\/\" \/>\n<meta property=\"og:locale\" content=\"en_US\" \/>\n<meta property=\"og:type\" content=\"article\" \/>\n<meta property=\"og:title\" content=\"Contacto - Joyer\u00eda Relojer\u00eda Bienzobas\" \/>\n<meta property=\"og:description\" content=\"Atenci\u00f3n personalizada Bienzobas Cont\u00e1ctanos Completa el formulario y te contactaremos muy pronto. Informaci\u00f3n General Tel\u00e9fono +34 913 812 054 Email joyeriabienzobas@gmail.com Direcci\u00f3n Av. de Bucaramanga, 2, 28033 Madrid (Centro Comercial Colombia) Horario Lunes a viernes: 10:30-14:00 y 18:00-20:00. S\u00e1bado: 11:00-14:00.\" \/>\n<meta property=\"og:url\" content=\"https:\/\/joyeriarelojeriabienzobas.es\/en\/contacto\/\" \/>\n<meta property=\"og:site_name\" content=\"Joyer\u00eda Relojer\u00eda Bienzobas\" \/>\n<meta property=\"article:modified_time\" content=\"2026-04-17T08:56:50+00:00\" \/>\n<meta name=\"twitter:card\" content=\"summary_large_image\" \/>\n<meta name=\"twitter:label1\" content=\"Est. reading time\" \/>\n\t<meta name=\"twitter:data1\" content=\"1 minute\" \/>\n<script type=\"application\/ld+json\" class=\"yoast-schema-graph\">{\"@context\":\"https:\\\/\\\/schema.org\",\"@graph\":[{\"@type\":\"WebPage\",\"@id\":\"https:\\\/\\\/joyeriarelojeriabienzobas.es\\\/contacto\\\/\",\"url\":\"https:\\\/\\\/joyeriarelojeriabienzobas.es\\\/contacto\\\/\",\"name\":\"Contacto - Joyer\u00eda Relojer\u00eda Bienzobas\",\"isPartOf\":{\"@id\":\"https:\\\/\\\/joyeriarelojeriabienzobas.es\\\/#website\"},\"datePublished\":\"2026-03-04T11:15:47+00:00\",\"dateModified\":\"2026-04-17T08:56:50+00:00\",\"breadcrumb\":{\"@id\":\"https:\\\/\\\/joyeriarelojeriabienzobas.es\\\/contacto\\\/#breadcrumb\"},\"inLanguage\":\"en-US\",\"potentialAction\":[{\"@type\":\"ReadAction\",\"target\":[\"https:\\\/\\\/joyeriarelojeriabienzobas.es\\\/contacto\\\/\"]}]},{\"@type\":\"BreadcrumbList\",\"@id\":\"https:\\\/\\\/joyeriarelojeriabienzobas.es\\\/contacto\\\/#breadcrumb\",\"itemListElement\":[{\"@type\":\"ListItem\",\"position\":1,\"name\":\"Portada\",\"item\":\"https:\\\/\\\/joyeriarelojeriabienzobas.es\\\/\"},{\"@type\":\"ListItem\",\"position\":2,\"name\":\"Contacto\"}]},{\"@type\":\"WebSite\",\"@id\":\"https:\\\/\\\/joyeriarelojeriabienzobas.es\\\/#website\",\"url\":\"https:\\\/\\\/joyeriarelojeriabienzobas.es\\\/\",\"name\":\"Joyer\u00eda Relojer\u00eda Bienzobas\",\"description\":\"\",\"publisher\":{\"@id\":\"https:\\\/\\\/joyeriarelojeriabienzobas.es\\\/#organization\"},\"potentialAction\":[{\"@type\":\"SearchAction\",\"target\":{\"@type\":\"EntryPoint\",\"urlTemplate\":\"https:\\\/\\\/joyeriarelojeriabienzobas.es\\\/?s={search_term_string}\"},\"query-input\":{\"@type\":\"PropertyValueSpecification\",\"valueRequired\":true,\"valueName\":\"search_term_string\"}}],\"inLanguage\":\"en-US\"},{\"@type\":\"Organization\",\"@id\":\"https:\\\/\\\/joyeriarelojeriabienzobas.es\\\/#organization\",\"name\":\"Joyer\u00eda Relojer\u00eda Bienzobas\",\"url\":\"https:\\\/\\\/joyeriarelojeriabienzobas.es\\\/\",\"logo\":{\"@type\":\"ImageObject\",\"inLanguage\":\"en-US\",\"@id\":\"https:\\\/\\\/joyeriarelojeriabienzobas.es\\\/#\\\/schema\\\/logo\\\/image\\\/\",\"url\":\"https:\\\/\\\/joyeriarelojeriabienzobas.es\\\/wp-content\\\/uploads\\\/2026\\\/03\\\/cropped-logo-arriba.png\",\"contentUrl\":\"https:\\\/\\\/joyeriarelojeriabienzobas.es\\\/wp-content\\\/uploads\\\/2026\\\/03\\\/cropped-logo-arriba.png\",\"width\":2000,\"height\":570,\"caption\":\"Joyer\u00eda Relojer\u00eda Bienzobas\"},\"image\":{\"@id\":\"https:\\\/\\\/joyeriarelojeriabienzobas.es\\\/#\\\/schema\\\/logo\\\/image\\\/\"}}]}<\/script>\n<!-- \/ Yoast SEO plugin. -->","yoast_head_json":{"title":"Contacto - Joyer\u00eda Relojer\u00eda Bienzobas","robots":{"index":"index","follow":"follow","max-snippet":"max-snippet:-1","max-image-preview":"max-image-preview:large","max-video-preview":"max-video-preview:-1"},"canonical":"https:\/\/joyeriarelojeriabienzobas.es\/en\/contacto\/","og_locale":"en_US","og_type":"article","og_title":"Contacto - Joyer\u00eda Relojer\u00eda Bienzobas","og_description":"Atenci\u00f3n personalizada Bienzobas Cont\u00e1ctanos Completa el formulario y te contactaremos muy pronto. Informaci\u00f3n General Tel\u00e9fono +34 913 812 054 Email joyeriabienzobas@gmail.com Direcci\u00f3n Av. de Bucaramanga, 2, 28033 Madrid (Centro Comercial Colombia) Horario Lunes a viernes: 10:30-14:00 y 18:00-20:00. S\u00e1bado: 11:00-14:00.","og_url":"https:\/\/joyeriarelojeriabienzobas.es\/en\/contacto\/","og_site_name":"Joyer\u00eda Relojer\u00eda Bienzobas","article_modified_time":"2026-04-17T08:56:50+00:00","twitter_card":"summary_large_image","twitter_misc":{"Est. reading time":"1 minute"},"schema":{"@context":"https:\/\/schema.org","@graph":[{"@type":"WebPage","@id":"https:\/\/joyeriarelojeriabienzobas.es\/contacto\/","url":"https:\/\/joyeriarelojeriabienzobas.es\/contacto\/","name":"Contacto - Joyer\u00eda Relojer\u00eda Bienzobas","isPartOf":{"@id":"https:\/\/joyeriarelojeriabienzobas.es\/#website"},"datePublished":"2026-03-04T11:15:47+00:00","dateModified":"2026-04-17T08:56:50+00:00","breadcrumb":{"@id":"https:\/\/joyeriarelojeriabienzobas.es\/contacto\/#breadcrumb"},"inLanguage":"en-US","potentialAction":[{"@type":"ReadAction","target":["https:\/\/joyeriarelojeriabienzobas.es\/contacto\/"]}]},{"@type":"BreadcrumbList","@id":"https:\/\/joyeriarelojeriabienzobas.es\/contacto\/#breadcrumb","itemListElement":[{"@type":"ListItem","position":1,"name":"Portada","item":"https:\/\/joyeriarelojeriabienzobas.es\/"},{"@type":"ListItem","position":2,"name":"Contacto"}]},{"@type":"WebSite","@id":"https:\/\/joyeriarelojeriabienzobas.es\/#website","url":"https:\/\/joyeriarelojeriabienzobas.es\/","name":"Bienzobas Jewelry and Watch Shop","description":"","publisher":{"@id":"https:\/\/joyeriarelojeriabienzobas.es\/#organization"},"potentialAction":[{"@type":"SearchAction","target":{"@type":"EntryPoint","urlTemplate":"https:\/\/joyeriarelojeriabienzobas.es\/?s={search_term_string}"},"query-input":{"@type":"PropertyValueSpecification","valueRequired":true,"valueName":"search_term_string"}}],"inLanguage":"en-US"},{"@type":"Organization","@id":"https:\/\/joyeriarelojeriabienzobas.es\/#organization","name":"Bienzobas Jewelry and Watch Shop","url":"https:\/\/joyeriarelojeriabienzobas.es\/","logo":{"@type":"ImageObject","inLanguage":"en-US","@id":"https:\/\/joyeriarelojeriabienzobas.es\/#\/schema\/logo\/image\/","url":"https:\/\/joyeriarelojeriabienzobas.es\/wp-content\/uploads\/2026\/03\/cropped-logo-arriba.png","contentUrl":"https:\/\/joyeriarelojeriabienzobas.es\/wp-content\/uploads\/2026\/03\/cropped-logo-arriba.png","width":2000,"height":570,"caption":"Joyer\u00eda Relojer\u00eda Bienzobas"},"image":{"@id":"https:\/\/joyeriarelojeriabienzobas.es\/#\/schema\/logo\/image\/"}}]}},"_links":{"self":[{"href":"https:\/\/joyeriarelojeriabienzobas.es\/en\/wp-json\/wp\/v2\/pages\/21","targetHints":{"allow":["GET"]}}],"collection":[{"href":"https:\/\/joyeriarelojeriabienzobas.es\/en\/wp-json\/wp\/v2\/pages"}],"about":[{"href":"https:\/\/joyeriarelojeriabienzobas.es\/en\/wp-json\/wp\/v2\/types\/page"}],"author":[{"embeddable":true,"href":"https:\/\/joyeriarelojeriabienzobas.es\/en\/wp-json\/wp\/v2\/users\/1"}],"replies":[{"embeddable":true,"href":"https:\/\/joyeriarelojeriabienzobas.es\/en\/wp-json\/wp\/v2\/comments?post=21"}],"version-history":[{"count":43,"href":"https:\/\/joyeriarelojeriabienzobas.es\/en\/wp-json\/wp\/v2\/pages\/21\/revisions"}],"predecessor-version":[{"id":503,"href":"https:\/\/joyeriarelojeriabienzobas.es\/en\/wp-json\/wp\/v2\/pages\/21\/revisions\/503"}],"wp:attachment":[{"href":"https:\/\/joyeriarelojeriabienzobas.es\/en\/wp-json\/wp\/v2\/media?parent=21"}],"curies":[{"name":"wp","href":"https:\/\/api.w.org\/{rel}","templated":true}]}}